{"id":25,"date":"2018-04-28T18:38:26","date_gmt":"2018-04-28T18:38:26","guid":{"rendered":"https:\/\/fundacionemilianicolombia.org\/?page_id=25"},"modified":"2018-04-28T19:31:00","modified_gmt":"2018-04-28T19:31:00","slug":"home","status":"publish","type":"page","link":"https:\/\/fundacionemilianicolombia.org\/","title":{"rendered":"Home"},"content":{"rendered":"<p>La Fundaci\u00f3n Emiliani Colombia es una organizaci\u00f3n no gubernamental creada en el a\u00f1o 2013 por la Fundaci\u00f3n The Emiliani Project USA (501(c)(3)) para la construcci\u00f3n del Hogar de Cristo en Caldas (Antioquia). Este hogar \u00a0brindar\u00e1 educaci\u00f3n y protecci\u00f3n a 160 ni\u00f1os y j\u00f3venes del \u00e1rea metropolitana en condici\u00f3n de abandono y sin oportunidades para alcanzar una vida digna.<\/p>\n","protected":false},"excerpt":{"rendered":"<p>La Fundaci\u00f3n Emiliani Colombia es una organizaci\u00f3n no gubernamental creada en el a\u00f1o 2013 por la Fundaci\u00f3n The Emiliani Project USA (501(c)(3)) para la construcci\u00f3n del Hogar de Cristo en Caldas (Antioquia). Este hogar \u00a0brindar\u00e1 educaci\u00f3n y protecci\u00f3n&#8230; <a class=\"read-more\" href=\"https:\/\/fundacionemilianicolombia.org\/\">Leer m\u00e1s<\/a><\/p>\n","protected":false},"author":2,"featured_media":0,"parent":0,"menu_order":0,"comment_status":"closed","ping_status":"closed","template":"template-left-sidebar.php","meta":{"footnotes":""},"class_list":["post-25","page","type-page","status-publish","hentry","no-comments"],"_links":{"self":[{"href":"https:\/\/fundacionemilianicolombia.org\/index.php?rest_route=\/wp\/v2\/pages\/25"}],"collection":[{"href":"https:\/\/fundacionemilianicolombia.org\/index.php?rest_route=\/wp\/v2\/pages"}],"about":[{"href":"https:\/\/fundacionemilianicolombia.org\/index.php?rest_route=\/wp\/v2\/types\/page"}],"author":[{"embeddable":true,"href":"https:\/\/fundacionemilianicolombia.org\/index.php?rest_route=\/wp\/v2\/users\/2"}],"replies":[{"embeddable":true,"href":"https:\/\/fundacionemilianicolombia.org\/index.php?rest_route=%2Fwp%2Fv2%2Fcomments&post=25"}],"version-history":[{"count":2,"href":"https:\/\/fundacionemilianicolombia.org\/index.php?rest_route=\/wp\/v2\/pages\/25\/revisions"}],"predecessor-version":[{"id":57,"href":"https:\/\/fundacionemilianicolombia.org\/index.php?rest_route=\/wp\/v2\/pages\/25\/revisions\/57"}],"wp:attachment":[{"href":"https:\/\/fundacionemilianicolombia.org\/index.php?rest_route=%2Fwp%2Fv2%2Fmedia&parent=25"}],"curies":[{"name":"wp","href":"https:\/\/api.w.org\/{rel}","templated":true}]}}