{"id":26,"date":"2018-04-28T18:38:26","date_gmt":"2018-04-28T18:38:26","guid":{"rendered":"https:\/\/fundacionemilianicolombia.org\/?page_id=26"},"modified":"2021-03-31T10:34:35","modified_gmt":"2021-03-31T15:34:35","slug":"about","status":"publish","type":"page","link":"https:\/\/fundacionemilianicolombia.org\/?page_id=26","title":{"rendered":"Historia"},"content":{"rendered":"<p>En el a\u00f1o 2012, los directores de la Fundaci\u00f3n Emiliani Project visitaron la ciudad de Medell\u00edn por motivos personales .Durante su estad\u00eda en la ciudad fueron testigos de la situaci\u00f3n de pobreza y abandono en que vive gran parte de la poblaci\u00f3n, especialmente la infantil. De ah\u00ed naci\u00f3 la idea de construir un hogar que pudiera brindar protecci\u00f3n, y sobre todo educaci\u00f3n a estos ni\u00f1os desprotegidos. Fue entonces como naci\u00f3 la Fundaci\u00f3n Emiliani Colombia, quien obtuvo su personer\u00eda jur\u00eddica por parte de la Gobernaci\u00f3n De Antioquia mediante la resoluci\u00f3n 005062 del \u00a05 de Marzo del 2013 para desarrollar su objeto social de educaci\u00f3n formal y para el trabajo.<\/p>\n<p>A principios del a\u00f1o 2015 se inici\u00f3 la construcci\u00f3n del HOGAR DE CRISTO en el municipio de Caldas Antioquia con la finalidad de albergar y educar all\u00ed a 160 ni\u00f1os en situaci\u00f3n de pobreza y abandono. Este proyecto se desarrolla en asocio con la Fundaci\u00f3n Gente Unida de la ciudad de Medell\u00edn, quienes con su Hogar Boh\u00edo de Mar\u00eda, son nuestro modelo a seguir.<\/p>\n<p>Se estima que para el a\u00f1o 2023 se inici\u00e9 la operaci\u00f3n del Hogar de Cristo con el primer grupo de 30 ni\u00f1os recibiendo all\u00ed protecci\u00f3n y educaci\u00f3n para luego ir aumentando su capacidad gradualmente. Nuestro compromiso con los ni\u00f1os es a largo plazo, prepar\u00e1ndolos para ser ciudadanos de bien, que puedan valerse por ellos mismos y que contribuyan al desarrollo social.<\/p>\n","protected":false},"excerpt":{"rendered":"<p>En el a\u00f1o 2012, los directores de la Fundaci\u00f3n Emiliani Project visitaron la ciudad de Medell\u00edn por motivos personales .Durante su estad\u00eda en la ciudad fueron testigos de la situaci\u00f3n de pobreza y abandono en que vive gran&#8230; <a class=\"read-more\" href=\"https:\/\/fundacionemilianicolombia.org\/?page_id=26\">Leer m\u00e1s<\/a><\/p>\n","protected":false},"author":2,"featured_media":0,"parent":0,"menu_order":0,"comment_status":"closed","ping_status":"closed","template":"template-left-sidebar.php","meta":{"footnotes":""},"class_list":["post-26","page","type-page","status-publish","hentry","no-comments"],"_links":{"self":[{"href":"https:\/\/fundacionemilianicolombia.org\/index.php?rest_route=\/wp\/v2\/pages\/26"}],"collection":[{"href":"https:\/\/fundacionemilianicolombia.org\/index.php?rest_route=\/wp\/v2\/pages"}],"about":[{"href":"https:\/\/fundacionemilianicolombia.org\/index.php?rest_route=\/wp\/v2\/types\/page"}],"author":[{"embeddable":true,"href":"https:\/\/fundacionemilianicolombia.org\/index.php?rest_route=\/wp\/v2\/users\/2"}],"replies":[{"embeddable":true,"href":"https:\/\/fundacionemilianicolombia.org\/index.php?rest_route=%2Fwp%2Fv2%2Fcomments&post=26"}],"version-history":[{"count":4,"href":"https:\/\/fundacionemilianicolombia.org\/index.php?rest_route=\/wp\/v2\/pages\/26\/revisions"}],"predecessor-version":[{"id":328,"href":"https:\/\/fundacionemilianicolombia.org\/index.php?rest_route=\/wp\/v2\/pages\/26\/revisions\/328"}],"wp:attachment":[{"href":"https:\/\/fundacionemilianicolombia.org\/index.php?rest_route=%2Fwp%2Fv2%2Fmedia&parent=26"}],"curies":[{"name":"wp","href":"https:\/\/api.w.org\/{rel}","templated":true}]}}