{"id":64,"date":"2018-04-28T19:07:41","date_gmt":"2018-04-28T19:07:41","guid":{"rendered":"https:\/\/fundacionemilianicolombia.org\/?page_id=64"},"modified":"2021-03-31T10:39:07","modified_gmt":"2021-03-31T15:39:07","slug":"hogar-de-cristo","status":"publish","type":"page","link":"https:\/\/fundacionemilianicolombia.org\/?page_id=64","title":{"rendered":"Hogar de Cristo"},"content":{"rendered":"<p>El Hogar de Cristo se est\u00e1 construyendo\u00a0 en zona rural del Municipio de Caldas Antioquia. El \u00e1rea construida ser\u00e1 de 2,160 metros cuadrados. Tendr\u00e1 capacidad para 160 ni\u00f1os y contar\u00e1 con 4 m\u00f3dulos de dormitorios, \u00a05 m\u00f3dulos de ba\u00f1os con capacidad para 10 ni\u00f1os y \u00e1rea de discapacitados, 6 salones de clase, restaurante infantil, capilla, sal\u00f3n de actividades, juegos infantiles, \u00e1reas deportivas, oficinas de administraci\u00f3n, consultorio m\u00e9dico, biblioteca, sal\u00f3n de computadores, gimnasio y dos salones para instrucci\u00f3n en oficios varios como carpinter\u00eda, panader\u00eda, etc.<\/p>\n<p>Ser\u00e1 operado bajo el modelo del Hogar Boh\u00edo de Mar\u00eda de nuestra fundaci\u00f3n aliada Gente Unida, el cual lleva 22 a\u00f1os formando ni\u00f1os y j\u00f3venes en la ciudad de Medell\u00edn.<\/p>\n\t\t\t<style>\r\n                #foogallery-gallery-100.fg-justified .fg-item {\r\n                    margin-right: 1px;\r\n                    margin-bottom: 1px;\r\n                }\r\n\r\n                #foogallery-gallery-100.fg-justified .fg-image {\r\n                    height: 150px;\r\n                }\r\n\t\t\t<\/style>\r\n\t\t\t<div class=\"foogallery foogallery-container foogallery-justified foogallery-lightbox-foobox fg-justified fg-light fg-border-thin fg-shadow-outline fg-loading-default fg-loaded-fade-in fg-caption-hover fg-hover-fade fg-hover-zoom fg-ready\" id=\"foogallery-gallery-100\" data-foogallery=\"{&quot;item&quot;:{&quot;showCaptionTitle&quot;:true,&quot;showCaptionDescription&quot;:true},&quot;lazy&quot;:true,&quot;template&quot;:{&quot;rowHeight&quot;:150,&quot;maxRowHeight&quot;:300,&quot;margins&quot;:1,&quot;align&quot;:&quot;center&quot;,&quot;lastRow&quot;:&quot;smart&quot;}}\" >\r\n\t<div class=\"fg-item fg-type-image fg-idle\"><figure class=\"fg-item-inner\"><a href=\"https:\/\/fundacionemilianicolombia.org\/wp-content\/uploads\/2018\/04\/IMG_0057.jpg\" data-attachment-id=\"82\" data-type=\"image\" class=\"fg-thumb\"><span class=\"fg-image-wrap\"><img fetchpriority=\"high\" decoding=\"async\" height=\"300\" width=\"400\" class=\"skip-lazy fg-image\" data-src-fg=\"https:\/\/fundacionemilianicolombia.org\/wp-content\/uploads\/cache\/2018\/04\/IMG_0057\/910567212.jpg\" data-srcset-fg=\"https:\/\/fundacionemilianicolombia.org\/wp-content\/uploads\/cache\/2018\/04\/IMG_0057\/4002159109.jpg 2x,https:\/\/fundacionemilianicolombia.org\/wp-content\/uploads\/cache\/2018\/04\/IMG_0057\/4150764435.jpg 3x,https:\/\/fundacionemilianicolombia.org\/wp-content\/uploads\/cache\/2018\/04\/IMG_0057\/3525875481.jpg 4x\" src=\"data:image\/svg+xml,%3Csvg%20xmlns%3D%22http%3A%2F%2Fwww.w3.org%2F2000%2Fsvg%22%20width%3D%22400%22%20height%3D%22300%22%20viewBox%3D%220%200%20400%20300%22%3E%3C%2Fsvg%3E\" loading=\"eager\"><\/span><span class=\"fg-image-overlay\"><\/span><\/a><figcaption class=\"fg-caption\"><div class=\"fg-caption-inner\"><\/div><\/figcaption><\/figure><div class=\"fg-loader\"><\/div><\/div><div class=\"fg-item fg-type-image fg-idle\"><figure class=\"fg-item-inner\"><a href=\"https:\/\/fundacionemilianicolombia.org\/wp-content\/uploads\/2018\/04\/IMG_8643.jpg\" data-attachment-id=\"83\" data-type=\"image\" class=\"fg-thumb\"><span class=\"fg-image-wrap\"><img decoding=\"async\" height=\"300\" width=\"534\" class=\"skip-lazy fg-image\" data-src-fg=\"https:\/\/fundacionemilianicolombia.org\/wp-content\/uploads\/cache\/2018\/04\/IMG_8643\/1778957919.jpg\" data-srcset-fg=\"https:\/\/fundacionemilianicolombia.org\/wp-content\/uploads\/cache\/2018\/04\/IMG_8643\/3174807314.jpg 2x,https:\/\/fundacionemilianicolombia.org\/wp-content\/uploads\/cache\/2018\/04\/IMG_8643\/3281205935.jpg 3x,https:\/\/fundacionemilianicolombia.org\/wp-content\/uploads\/cache\/2018\/04\/IMG_8643\/357189240.jpg 4x\" src=\"data:image\/svg+xml,%3Csvg%20xmlns%3D%22http%3A%2F%2Fwww.w3.org%2F2000%2Fsvg%22%20width%3D%22534%22%20height%3D%22300%22%20viewBox%3D%220%200%20534%20300%22%3E%3C%2Fsvg%3E\" loading=\"eager\"><\/span><span class=\"fg-image-overlay\"><\/span><\/a><figcaption class=\"fg-caption\"><div class=\"fg-caption-inner\"><\/div><\/figcaption><\/figure><div class=\"fg-loader\"><\/div><\/div><div class=\"fg-item fg-type-image fg-idle\"><figure class=\"fg-item-inner\"><a href=\"https:\/\/fundacionemilianicolombia.org\/wp-content\/uploads\/2018\/04\/Dormitorio-1-y-WC.jpg\" data-attachment-id=\"106\" data-type=\"image\" class=\"fg-thumb\"><span class=\"fg-image-wrap\"><img decoding=\"async\" height=\"300\" width=\"400\" class=\"skip-lazy fg-image\" data-src-fg=\"https:\/\/fundacionemilianicolombia.org\/wp-content\/uploads\/cache\/2018\/04\/Dormitorio-1-y-WC\/2752386066.jpg\" data-srcset-fg=\"https:\/\/fundacionemilianicolombia.org\/wp-content\/uploads\/cache\/2018\/04\/Dormitorio-1-y-WC\/3144813904.jpg 2x\" src=\"data:image\/svg+xml,%3Csvg%20xmlns%3D%22http%3A%2F%2Fwww.w3.org%2F2000%2Fsvg%22%20width%3D%22400%22%20height%3D%22300%22%20viewBox%3D%220%200%20400%20300%22%3E%3C%2Fsvg%3E\" loading=\"eager\"><\/span><span class=\"fg-image-overlay\"><\/span><\/a><figcaption class=\"fg-caption\"><div class=\"fg-caption-inner\"><\/div><\/figcaption><\/figure><div class=\"fg-loader\"><\/div><\/div><div class=\"fg-item fg-type-image fg-idle\"><figure class=\"fg-item-inner\"><a href=\"https:\/\/fundacionemilianicolombia.org\/wp-content\/uploads\/2018\/04\/Fase-2-salones-de-clase-terminados.jpg\" data-attachment-id=\"114\" data-type=\"image\" class=\"fg-thumb\"><span class=\"fg-image-wrap\"><img decoding=\"async\" height=\"300\" width=\"400\" class=\"skip-lazy fg-image\" data-src-fg=\"https:\/\/fundacionemilianicolombia.org\/wp-content\/uploads\/cache\/2018\/04\/Fase-2-salones-de-clase-terminados\/2521788270.jpg\" data-srcset-fg=\"https:\/\/fundacionemilianicolombia.org\/wp-content\/uploads\/cache\/2018\/04\/Fase-2-salones-de-clase-terminados\/1474712015.jpg 2x,https:\/\/fundacionemilianicolombia.org\/wp-content\/uploads\/cache\/2018\/04\/Fase-2-salones-de-clase-terminados\/2097657861.jpg 3x\" src=\"data:image\/svg+xml,%3Csvg%20xmlns%3D%22http%3A%2F%2Fwww.w3.org%2F2000%2Fsvg%22%20width%3D%22400%22%20height%3D%22300%22%20viewBox%3D%220%200%20400%20300%22%3E%3C%2Fsvg%3E\" loading=\"eager\"><\/span><span class=\"fg-image-overlay\"><\/span><\/a><figcaption class=\"fg-caption\"><div class=\"fg-caption-inner\"><\/div><\/figcaption><\/figure><div class=\"fg-loader\"><\/div><\/div><div class=\"fg-item fg-type-image fg-idle\"><figure class=\"fg-item-inner\"><a href=\"https:\/\/fundacionemilianicolombia.org\/wp-content\/uploads\/2018\/04\/galeria.jpg1_.jpg2_.jpg\" data-attachment-id=\"116\" data-type=\"image\" class=\"fg-thumb\"><span class=\"fg-image-wrap\"><img decoding=\"async\" height=\"300\" width=\"400\" class=\"skip-lazy fg-image\" data-src-fg=\"https:\/\/fundacionemilianicolombia.org\/wp-content\/uploads\/cache\/2018\/04\/galeria_jpg1__jpg2_\/1958757445.jpg\" data-srcset-fg=\"https:\/\/fundacionemilianicolombia.org\/wp-content\/uploads\/cache\/2018\/04\/galeria_jpg1__jpg2_\/3538214526.jpg 2x\" src=\"data:image\/svg+xml,%3Csvg%20xmlns%3D%22http%3A%2F%2Fwww.w3.org%2F2000%2Fsvg%22%20width%3D%22400%22%20height%3D%22300%22%20viewBox%3D%220%200%20400%20300%22%3E%3C%2Fsvg%3E\" loading=\"eager\"><\/span><span class=\"fg-image-overlay\"><\/span><\/a><figcaption class=\"fg-caption\"><div class=\"fg-caption-inner\"><\/div><\/figcaption><\/figure><div class=\"fg-loader\"><\/div><\/div><div class=\"fg-item fg-type-image fg-idle\"><figure class=\"fg-item-inner\"><a href=\"https:\/\/fundacionemilianicolombia.org\/wp-content\/uploads\/2018\/04\/4.jpg\" data-attachment-id=\"122\" data-type=\"image\" class=\"fg-thumb\"><span class=\"fg-image-wrap\"><img decoding=\"async\" height=\"300\" width=\"407\" class=\"skip-lazy fg-image\" data-src-fg=\"https:\/\/fundacionemilianicolombia.org\/wp-content\/uploads\/cache\/2018\/04\/4\/737236594.jpg\" data-srcset-fg=\"https:\/\/fundacionemilianicolombia.org\/wp-content\/uploads\/cache\/2018\/04\/4\/2432529985.jpg 2x,https:\/\/fundacionemilianicolombia.org\/wp-content\/uploads\/cache\/2018\/04\/4\/1476251028.jpg 3x,https:\/\/fundacionemilianicolombia.org\/wp-content\/uploads\/cache\/2018\/04\/4\/4133812352.jpg 4x\" src=\"data:image\/svg+xml,%3Csvg%20xmlns%3D%22http%3A%2F%2Fwww.w3.org%2F2000%2Fsvg%22%20width%3D%22407%22%20height%3D%22300%22%20viewBox%3D%220%200%20407%20300%22%3E%3C%2Fsvg%3E\" loading=\"eager\"><\/span><span class=\"fg-image-overlay\"><\/span><\/a><figcaption class=\"fg-caption\"><div class=\"fg-caption-inner\"><\/div><\/figcaption><\/figure><div class=\"fg-loader\"><\/div><\/div><div class=\"fg-item fg-type-image fg-idle\"><figure class=\"fg-item-inner\"><a href=\"https:\/\/fundacionemilianicolombia.org\/wp-content\/uploads\/2018\/04\/8.jpg\" data-attachment-id=\"142\" data-type=\"image\" class=\"fg-thumb\"><span class=\"fg-image-wrap\"><img decoding=\"async\" height=\"300\" width=\"225\" class=\"skip-lazy fg-image\" data-src-fg=\"https:\/\/fundacionemilianicolombia.org\/wp-content\/uploads\/cache\/2018\/04\/8\/690029031.jpg\" data-srcset-fg=\"https:\/\/fundacionemilianicolombia.org\/wp-content\/uploads\/cache\/2018\/04\/8\/1622372983.jpg 2x,https:\/\/fundacionemilianicolombia.org\/wp-content\/uploads\/cache\/2018\/04\/8\/1032330676.jpg 3x,https:\/\/fundacionemilianicolombia.org\/wp-content\/uploads\/cache\/2018\/04\/8\/2853102680.jpg 4x\" src=\"data:image\/svg+xml,%3Csvg%20xmlns%3D%22http%3A%2F%2Fwww.w3.org%2F2000%2Fsvg%22%20width%3D%22225%22%20height%3D%22300%22%20viewBox%3D%220%200%20225%20300%22%3E%3C%2Fsvg%3E\" loading=\"eager\"><\/span><span class=\"fg-image-overlay\"><\/span><\/a><figcaption class=\"fg-caption\"><div class=\"fg-caption-inner\"><\/div><\/figcaption><\/figure><div class=\"fg-loader\"><\/div><\/div><div class=\"fg-item fg-type-image fg-idle\"><figure class=\"fg-item-inner\"><a href=\"https:\/\/fundacionemilianicolombia.org\/wp-content\/uploads\/2021\/04\/Etapa-2-Nov-2019-T2.jpeg\" data-caption-title=\"Etapa 2\" data-attachment-id=\"350\" data-type=\"image\" class=\"fg-thumb\"><span class=\"fg-image-wrap\"><img decoding=\"async\" title=\"Etapa 2\" height=\"300\" width=\"635\" class=\"skip-lazy fg-image\" data-src-fg=\"https:\/\/fundacionemilianicolombia.org\/wp-content\/uploads\/cache\/2021\/04\/Etapa-2-Nov-2019-T2\/2703942652.jpeg\" data-srcset-fg=\"https:\/\/fundacionemilianicolombia.org\/wp-content\/uploads\/cache\/2021\/04\/Etapa-2-Nov-2019-T2\/3126221184.jpeg 2x\" src=\"data:image\/svg+xml,%3Csvg%20xmlns%3D%22http%3A%2F%2Fwww.w3.org%2F2000%2Fsvg%22%20width%3D%22635%22%20height%3D%22300%22%20viewBox%3D%220%200%20635%20300%22%3E%3C%2Fsvg%3E\" loading=\"eager\"><\/span><span class=\"fg-image-overlay\"><\/span><\/a><figcaption class=\"fg-caption\"><div class=\"fg-caption-inner\"><div class=\"fg-caption-title\">Etapa 2<\/div><\/div><\/figcaption><\/figure><div class=\"fg-loader\"><\/div><\/div><\/div>\r\n\n","protected":false},"excerpt":{"rendered":"<p>El Hogar de Cristo se est\u00e1 construyendo\u00a0 en zona rural del Municipio de Caldas Antioquia. El \u00e1rea construida ser\u00e1 de 2,160 metros cuadrados. Tendr\u00e1 capacidad para 160 ni\u00f1os y contar\u00e1 con 4 m\u00f3dulos de dormitorios, \u00a05 m\u00f3dulos de&#8230; <a class=\"read-more\" href=\"https:\/\/fundacionemilianicolombia.org\/?page_id=64\">Leer m\u00e1s<\/a><\/p>\n","protected":false},"author":2,"featured_media":80,"parent":0,"menu_order":0,"comment_status":"closed","ping_status":"closed","template":"template-left-sidebar.php","meta":{"footnotes":""},"class_list":["post-64","page","type-page","status-publish","has-post-thumbnail","hentry","no-comments"],"_links":{"self":[{"href":"https:\/\/fundacionemilianicolombia.org\/index.php?rest_route=\/wp\/v2\/pages\/64"}],"collection":[{"href":"https:\/\/fundacionemilianicolombia.org\/index.php?rest_route=\/wp\/v2\/pages"}],"about":[{"href":"https:\/\/fundacionemilianicolombia.org\/index.php?rest_route=\/wp\/v2\/types\/page"}],"author":[{"embeddable":true,"href":"https:\/\/fundacionemilianicolombia.org\/index.php?rest_route=\/wp\/v2\/users\/2"}],"replies":[{"embeddable":true,"href":"https:\/\/fundacionemilianicolombia.org\/index.php?rest_route=%2Fwp%2Fv2%2Fcomments&post=64"}],"version-history":[{"count":5,"href":"https:\/\/fundacionemilianicolombia.org\/index.php?rest_route=\/wp\/v2\/pages\/64\/revisions"}],"predecessor-version":[{"id":331,"href":"https:\/\/fundacionemilianicolombia.org\/index.php?rest_route=\/wp\/v2\/pages\/64\/revisions\/331"}],"wp:featuredmedia":[{"embeddable":true,"href":"https:\/\/fundacionemilianicolombia.org\/index.php?rest_route=\/wp\/v2\/media\/80"}],"wp:attachment":[{"href":"https:\/\/fundacionemilianicolombia.org\/index.php?rest_route=%2Fwp%2Fv2%2Fmedia&parent=64"}],"curies":[{"name":"wp","href":"https:\/\/api.w.org\/{rel}","templated":true}]}}